{"id":1501,"date":"2022-05-30T09:40:13","date_gmt":"2022-05-30T07:40:13","guid":{"rendered":"https:\/\/litt-stal.pl\/om-oss\/"},"modified":"2024-02-01T15:02:33","modified_gmt":"2024-02-01T14:02:33","slug":"om-oss","status":"publish","type":"page","link":"https:\/\/litt-stal.pl\/sv\/om-oss\/","title":{"rendered":"Om oss"},"content":{"rendered":"<h2>Om oss<\/h2>\n<p>\t\t\t\t\t\t\t\t\t\t\t\t\t<img fetchpriority=\"high\" decoding=\"async\" width=\"592\" height=\"674\" src=\"https:\/\/litt-stal.pl\/wp-content\/uploads\/2022\/05\/imgbox31.jpg\" alt=\"\" srcset=\"https:\/\/litt-stal.pl\/wp-content\/uploads\/2022\/05\/imgbox31.jpg 592w, https:\/\/litt-stal.pl\/wp-content\/uploads\/2022\/05\/imgbox31-264x300.jpg 264w\" sizes=\"(max-width: 592px) 100vw, 592px\" \/>\t\t\t\t\t\t\t\t\t\t\t\t\t<\/p>\n<p>Vi \u00e4r engagerade<\/p>\n<h4>Litt-Stal Service<\/h4>\n<p>Litt-Stal Service har tillhandah\u00e5llit omfattande tj\u00e4nster f\u00f6r produktion och modernisering av st\u00e5linfrastruktur sedan 2006.<\/p>\n<p>F\u00f6retagets verksamhet omfattar omfattande tillverkning av st\u00e5lkomponenter f\u00f6r b\u00e5de sm\u00e5 och stora industrif\u00f6retag, prefabricering av st\u00e5lkonstruktioner, montering av st\u00e5lkonstruktioner inom den petrokemiska sektorn, montering och service av HVAC-infrastruktur samt montering av industriella reningsverk.<\/p>\n<p>Med hj\u00e4lp av moderna maskiner kan f\u00f6retaget utf\u00f6ra de mest kr\u00e4vande best\u00e4llningar, b\u00e5de p\u00e5 grundval av egna projekt och best\u00e4llningar fr\u00e5n kunder, och ett kvalificerat och erfaret team \u00e4r en garanti f\u00f6r den h\u00f6ga kvaliteten p\u00e5 de tj\u00e4nster som tillhandah\u00e5lls.<\/p>\n<p>Tack vare kontinuerlig utveckling och passion f\u00f6r arbetet t\u00e4cker Litt-Stal Service hela Europa!<\/p>\n<h3>Vi har mer \u00e4n 15 \u00e5rs erfarenhet av att tillhandah\u00e5lla omfattande tj\u00e4nster f\u00f6r tillverkning och uppgradering av st\u00e5linfrastruktur.  <\/h3>\n<p>V\u00e5rt team<\/p>\n<figure><img decoding=\"async\" width=\"2560\" height=\"2528\" src=\"https:\/\/litt-stal.pl\/wp-content\/uploads\/2022\/07\/andrzej_litwin-scaled.jpg\" alt=\"\" \/><\/figure>\n<p>Andrew Littwin<\/p>\n<p>Ordf\u00f6rande<br \/>\nVD<\/p>\n<figure><img decoding=\"async\" width=\"1884\" height=\"2560\" src=\"https:\/\/litt-stal.pl\/wp-content\/uploads\/2024\/02\/Sesja_2Style-scaled.jpg\" alt=\"\" \/><\/figure>\n<p>Emilia Boro\u0144<\/p>\n<p>Bitr\u00e4dande direkt\u00f6r<br \/>\nBitr\u00e4dande direkt\u00f6r<\/p>\n<ul>\n<li>\n\t\t\t\t\t\t\t\t\t\t+48 517 305 303\n\t\t\t\t\t\t\t\t\t<\/li>\n<li>\n\t\t\t\t\t\t\t\t\t\t\t<a href=\"mailto:biuro@litt-stal.pl\"><br \/>\n\t\t\t\t\t\t\t\t\t\tbiuro@litt-stal.pl<br \/>\n\t\t\t\t\t\t\t\t\t\t\t<\/a>\n\t\t\t\t\t\t\t\t\t<\/li>\n<\/ul>\n<figure><img loading=\"lazy\" decoding=\"async\" width=\"1810\" height=\"2534\" src=\"https:\/\/litt-stal.pl\/wp-content\/uploads\/2024\/02\/sesja-PW-.jpg\" alt=\"\" \/><\/figure>\n<p>Przemys\u0142aw Wittstock<\/p>\n<p>Teknolog<br \/>\nTeknolog<\/p>\n<ul>\n<li>\n\t\t\t\t\t\t\t\t\t\t+48 506 245 662\n\t\t\t\t\t\t\t\t\t<\/li>\n<li>\n\t\t\t\t\t\t\t\t\t\t\t<a href=\"mailto:p.wittstock@litt-stal.pl\"><br \/>\n\t\t\t\t\t\t\t\t\t\tp.wittstock@litt-stal.pl<br \/>\n\t\t\t\t\t\t\t\t\t\t\t<\/a>\n\t\t\t\t\t\t\t\t\t<\/li>\n<\/ul>\n<figure><img loading=\"lazy\" decoding=\"async\" width=\"2560\" height=\"2527\" src=\"https:\/\/litt-stal.pl\/wp-content\/uploads\/2022\/07\/michal_zolnowski-scaled.jpg\" alt=\"\" \/><\/figure>\n<p>Michal Zolnowski<\/p>\n<p>Produktionschef<br \/>\nProduktionschef  <\/p>\n<ul>\n<li>\n\t\t\t\t\t\t\t\t\t\t+48 605 357 032\n\t\t\t\t\t\t\t\t\t<\/li>\n<li>\n\t\t\t\t\t\t\t\t\t\t\t<a href=\"mailto:m.zolnowski@litt-stal.pl\"><br \/>\n\t\t\t\t\t\t\t\t\t\tm.zolnowski@litt-stal.pl<br \/>\n\t\t\t\t\t\t\t\t\t\t\t<\/a>\n\t\t\t\t\t\t\t\t\t<\/li>\n<\/ul>\n","protected":false},"excerpt":{"rendered":"<p>Om oss Vi \u00e4r engagerade Litt-Stal Service Litt-Stal Service har tillhandah\u00e5llit omfattande tj\u00e4nster f\u00f6r produktion och modernisering av st\u00e5linfrastruktur sedan 2006. F\u00f6retagets verksamhet omfattar omfattande tillverkning av st\u00e5lkomponenter f\u00f6r b\u00e5de sm\u00e5 och stora industrif\u00f6retag, prefabricering av st\u00e5lkonstruktioner, montering av st\u00e5lkonstruktioner inom den petrokemiska sektorn, montering och service av HVAC-infrastruktur samt montering av industriella reningsverk. Med [&hellip;]<\/p>\n","protected":false},"author":1,"featured_media":0,"parent":0,"menu_order":0,"comment_status":"closed","ping_status":"closed","template":"","meta":{"footnotes":""},"class_list":["post-1501","page","type-page","status-publish","hentry"],"yoast_head":"<!-- This site is optimized with the Yoast SEO plugin v21.9.1 - https:\/\/yoast.com\/wordpress\/plugins\/seo\/ -->\n<title>Om oss - Litt Stal<\/title>\n<meta name=\"robots\" content=\"index, follow, max-snippet:-1, max-image-preview:large, max-video-preview:-1\" \/>\n<link rel=\"canonical\" href=\"https:\/\/litt-stal.pl\/o-nas\/\" \/>\n<meta property=\"og:locale\" content=\"sv_SE\" \/>\n<meta property=\"og:type\" content=\"article\" \/>\n<meta property=\"og:title\" content=\"Om oss - Litt Stal\" \/>\n<meta property=\"og:description\" content=\"Om oss Vi \u00e4r engagerade Litt-Stal Service Litt-Stal Service har tillhandah\u00e5llit omfattande tj\u00e4nster f\u00f6r produktion och modernisering av st\u00e5linfrastruktur sedan 2006. F\u00f6retagets verksamhet omfattar omfattande tillverkning av st\u00e5lkomponenter f\u00f6r b\u00e5de sm\u00e5 och stora industrif\u00f6retag, prefabricering av st\u00e5lkonstruktioner, montering av st\u00e5lkonstruktioner inom den petrokemiska sektorn, montering och service av HVAC-infrastruktur samt montering av industriella reningsverk. Med [&hellip;]\" \/>\n<meta property=\"og:url\" content=\"https:\/\/litt-stal.pl\/o-nas\/\" \/>\n<meta property=\"og:site_name\" content=\"Litt Stal\" \/>\n<meta property=\"article:modified_time\" content=\"2024-02-01T14:02:33+00:00\" \/>\n<meta property=\"og:image\" content=\"https:\/\/litt-stal.pl\/wp-content\/uploads\/2022\/05\/imgbox31.jpg\" \/>\n<meta name=\"twitter:card\" content=\"summary_large_image\" \/>\n<meta name=\"twitter:label1\" content=\"Ber\u00e4knad l\u00e4stid\" \/>\n\t<meta name=\"twitter:data1\" content=\"1 minut\" \/>\n<script type=\"application\/ld+json\" class=\"yoast-schema-graph\">{\"@context\":\"https:\/\/schema.org\",\"@graph\":[{\"@type\":\"WebPage\",\"@id\":\"https:\/\/litt-stal.pl\/o-nas\/\",\"url\":\"https:\/\/litt-stal.pl\/o-nas\/\",\"name\":\"Om oss - Litt Stal\",\"isPartOf\":{\"@id\":\"https:\/\/litt-stal.pl\/#website\"},\"datePublished\":\"2022-05-30T07:40:13+00:00\",\"dateModified\":\"2024-02-01T14:02:33+00:00\",\"breadcrumb\":{\"@id\":\"https:\/\/litt-stal.pl\/o-nas\/#breadcrumb\"},\"inLanguage\":\"sv-SE\",\"potentialAction\":[{\"@type\":\"ReadAction\",\"target\":[\"https:\/\/litt-stal.pl\/o-nas\/\"]}]},{\"@type\":\"BreadcrumbList\",\"@id\":\"https:\/\/litt-stal.pl\/o-nas\/#breadcrumb\",\"itemListElement\":[{\"@type\":\"ListItem\",\"position\":1,\"name\":\"Strona g\u0142\u00f3wna\",\"item\":\"https:\/\/litt-stal.pl\/sv\/hemsidan\/\"},{\"@type\":\"ListItem\",\"position\":2,\"name\":\"Om oss\"}]},{\"@type\":\"WebSite\",\"@id\":\"https:\/\/litt-stal.pl\/#website\",\"url\":\"https:\/\/litt-stal.pl\/\",\"name\":\"Litt Stal\",\"description\":\"Produkcja komponent\u00f3w ze stali\",\"potentialAction\":[{\"@type\":\"SearchAction\",\"target\":{\"@type\":\"EntryPoint\",\"urlTemplate\":\"https:\/\/litt-stal.pl\/?s={search_term_string}\"},\"query-input\":\"required name=search_term_string\"}],\"inLanguage\":\"sv-SE\"}]}<\/script>\n<!-- \/ Yoast SEO plugin. -->","yoast_head_json":{"title":"Om oss - Litt Stal","robots":{"index":"index","follow":"follow","max-snippet":"max-snippet:-1","max-image-preview":"max-image-preview:large","max-video-preview":"max-video-preview:-1"},"canonical":"https:\/\/litt-stal.pl\/o-nas\/","og_locale":"sv_SE","og_type":"article","og_title":"Om oss - Litt Stal","og_description":"Om oss Vi \u00e4r engagerade Litt-Stal Service Litt-Stal Service har tillhandah\u00e5llit omfattande tj\u00e4nster f\u00f6r produktion och modernisering av st\u00e5linfrastruktur sedan 2006. F\u00f6retagets verksamhet omfattar omfattande tillverkning av st\u00e5lkomponenter f\u00f6r b\u00e5de sm\u00e5 och stora industrif\u00f6retag, prefabricering av st\u00e5lkonstruktioner, montering av st\u00e5lkonstruktioner inom den petrokemiska sektorn, montering och service av HVAC-infrastruktur samt montering av industriella reningsverk. Med [&hellip;]","og_url":"https:\/\/litt-stal.pl\/o-nas\/","og_site_name":"Litt Stal","article_modified_time":"2024-02-01T14:02:33+00:00","og_image":[{"url":"https:\/\/litt-stal.pl\/wp-content\/uploads\/2022\/05\/imgbox31.jpg"}],"twitter_card":"summary_large_image","twitter_misc":{"Ber\u00e4knad l\u00e4stid":"1 minut"},"schema":{"@context":"https:\/\/schema.org","@graph":[{"@type":"WebPage","@id":"https:\/\/litt-stal.pl\/o-nas\/","url":"https:\/\/litt-stal.pl\/o-nas\/","name":"Om oss - Litt Stal","isPartOf":{"@id":"https:\/\/litt-stal.pl\/#website"},"datePublished":"2022-05-30T07:40:13+00:00","dateModified":"2024-02-01T14:02:33+00:00","breadcrumb":{"@id":"https:\/\/litt-stal.pl\/o-nas\/#breadcrumb"},"inLanguage":"sv-SE","potentialAction":[{"@type":"ReadAction","target":["https:\/\/litt-stal.pl\/o-nas\/"]}]},{"@type":"BreadcrumbList","@id":"https:\/\/litt-stal.pl\/o-nas\/#breadcrumb","itemListElement":[{"@type":"ListItem","position":1,"name":"Strona g\u0142\u00f3wna","item":"https:\/\/litt-stal.pl\/sv\/hemsidan\/"},{"@type":"ListItem","position":2,"name":"Om oss"}]},{"@type":"WebSite","@id":"https:\/\/litt-stal.pl\/#website","url":"https:\/\/litt-stal.pl\/","name":"Litt Stal","description":"Produkcja komponent\u00f3w ze stali","potentialAction":[{"@type":"SearchAction","target":{"@type":"EntryPoint","urlTemplate":"https:\/\/litt-stal.pl\/?s={search_term_string}"},"query-input":"required name=search_term_string"}],"inLanguage":"sv-SE"}]}},"_links":{"self":[{"href":"https:\/\/litt-stal.pl\/sv\/wp-json\/wp\/v2\/pages\/1501","targetHints":{"allow":["GET"]}}],"collection":[{"href":"https:\/\/litt-stal.pl\/sv\/wp-json\/wp\/v2\/pages"}],"about":[{"href":"https:\/\/litt-stal.pl\/sv\/wp-json\/wp\/v2\/types\/page"}],"author":[{"embeddable":true,"href":"https:\/\/litt-stal.pl\/sv\/wp-json\/wp\/v2\/users\/1"}],"replies":[{"embeddable":true,"href":"https:\/\/litt-stal.pl\/sv\/wp-json\/wp\/v2\/comments?post=1501"}],"version-history":[{"count":7,"href":"https:\/\/litt-stal.pl\/sv\/wp-json\/wp\/v2\/pages\/1501\/revisions"}],"predecessor-version":[{"id":1742,"href":"https:\/\/litt-stal.pl\/sv\/wp-json\/wp\/v2\/pages\/1501\/revisions\/1742"}],"wp:attachment":[{"href":"https:\/\/litt-stal.pl\/sv\/wp-json\/wp\/v2\/media?parent=1501"}],"curies":[{"name":"wp","href":"https:\/\/api.w.org\/{rel}","templated":true}]}}